{"id":19,"date":"2023-06-05T13:04:40","date_gmt":"2023-06-05T13:04:40","guid":{"rendered":"https:\/\/finthen.de\/index.php\/mainz-finthen\/"},"modified":"2026-03-31T19:45:25","modified_gmt":"2026-03-31T17:45:25","slug":"mainz-finthen","status":"publish","type":"page","link":"https:\/\/finthen.de\/","title":{"rendered":"Mainz-Finthen"},"content":{"rendered":"\n  \n    \n    <section class=\"u-clearfix u-gradient u-valign-top u-section-2\" id=\"sec-6e47\">\n      <div class=\"u-carousel u-carousel-duration-1500 u-expanded-width u-gallery u-gallery-slider u-layout-carousel u-no-transition u-show-text-on-hover u-gallery-1\" data-interval=\"5000\" data-u-ride=\"carousel\" id=\"carousel-b635\">\n        <ol class=\"u-absolute-hcenter u-carousel-indicators u-hidden u-carousel-indicators-1\">\n          <li data-u-target=\"#carousel-b635\" data-u-slide-to=\"0\" class=\"u-active u-grey-70 u-shape-circle\" style=\"width: 10px; height: 10px;\"><\/li>\n          <li data-u-target=\"#carousel-b635\" data-u-slide-to=\"1\" class=\"u-grey-70 u-shape-circle\" style=\"width: 10px; height: 10px;\"><\/li>\n        <\/ol>\n        <div class=\"u-carousel-inner u-gallery-inner u-gallery-inner-1\" role=\"listbox\">\n          <div class=\"u-active u-carousel-item u-effect-fade u-gallery-item u-carousel-item-1\">\n            <div class=\"u-back-slide\" data-image-width=\"1280\" data-image-height=\"579\">\n              <img decoding=\"async\" class=\"u-back-image u-expanded\" src=\"https:\/\/finthen.de\/wp-content\/uploads\/2023\/06\/Willkommen_in_1280Kopie.png\">\n            <\/div>\n            <div class=\"u-align-center u-container-align-center u-over-slide u-shading u-valign-middle u-over-slide-1\"><\/div>\n          <\/div>\n          <div class=\"u-carousel-item u-effect-fade u-gallery-item u-carousel-item-2\">\n            <div class=\"u-back-slide\" data-image-width=\"1140\" data-image-height=\"370\">\n              <img decoding=\"async\" class=\"u-back-image u-expanded\" src=\"https:\/\/finthen.de\/wp-content\/uploads\/2023\/06\/OV_Start_Header_1400x454Kopie.png\">\n            <\/div>\n            <div class=\"u-align-center u-container-align-center u-over-slide u-shading u-valign-middle u-over-slide-2\"><\/div>\n          <\/div>\n        <\/div>\n        <a class=\"u-absolute-vcenter u-carousel-control u-carousel-control-prev u-grey-70 u-hidden u-icon-circle u-opacity u-opacity-70 u-spacing-10 u-text-white u-carousel-control-1\" href=\"#carousel-b635\" role=\"button\" data-u-slide=\"prev\"><span aria-hidden=\"true\">\n            <svg viewBox=\"0 0 451.847 451.847\"><path d=\"M97.141,225.92c0-8.095,3.091-16.192,9.259-22.366L300.689,9.27c12.359-12.359,32.397-12.359,44.751,0\nc12.354,12.354,12.354,32.388,0,44.748L173.525,225.92l171.903,171.909c12.354,12.354,12.354,32.391,0,44.744\nc-12.354,12.365-32.386,12.365-44.745,0l-194.29-194.281C100.226,242.115,97.141,234.018,97.141,225.92z\"><\/path><\/svg><\/span><span class=\"sr-only\">\n            <svg viewBox=\"0 0 451.847 451.847\"><path d=\"M97.141,225.92c0-8.095,3.091-16.192,9.259-22.366L300.689,9.27c12.359-12.359,32.397-12.359,44.751,0\nc12.354,12.354,12.354,32.388,0,44.748L173.525,225.92l171.903,171.909c12.354,12.354,12.354,32.391,0,44.744\nc-12.354,12.365-32.386,12.365-44.745,0l-194.29-194.281C100.226,242.115,97.141,234.018,97.141,225.92z\"><\/path><\/svg><\/span>\n        <\/a>\n        <a class=\"u-absolute-vcenter u-carousel-control u-carousel-control-next u-grey-70 u-hidden u-icon-circle u-opacity u-opacity-70 u-spacing-10 u-text-white u-carousel-control-2\" href=\"#carousel-b635\" role=\"button\" data-u-slide=\"next\"><span aria-hidden=\"true\">\n            <svg viewBox=\"0 0 451.846 451.847\"><path d=\"M345.441,248.292L151.154,442.573c-12.359,12.365-32.397,12.365-44.75,0c-12.354-12.354-12.354-32.391,0-44.744\nL278.318,225.92L106.409,54.017c-12.354-12.359-12.354-32.394,0-44.748c12.354-12.359,32.391-12.359,44.75,0l194.287,194.284\nc6.177,6.18,9.262,14.271,9.262,22.366C354.708,234.018,351.617,242.115,345.441,248.292z\"><\/path><\/svg><\/span><span class=\"sr-only\">\n            <svg viewBox=\"0 0 451.846 451.847\"><path d=\"M345.441,248.292L151.154,442.573c-12.359,12.365-32.397,12.365-44.75,0c-12.354-12.354-12.354-32.391,0-44.744\nL278.318,225.92L106.409,54.017c-12.354-12.359-12.354-32.394,0-44.748c12.354-12.359,32.391-12.359,44.75,0l194.287,194.284\nc6.177,6.18,9.262,14.271,9.262,22.366C354.708,234.018,351.617,242.115,345.441,248.292z\"><\/path><\/svg><\/span>\n        <\/a>\n      <\/div>\n      <div class=\"data-layout-selected u-clearfix u-gutter-10 u-layout-wrap u-layout-wrap-1\">\n        <div class=\"u-gutter-0 u-layout\">\n          <div class=\"u-layout-row\">\n            <div class=\"u-container-style u-layout-cell u-size-40 u-layout-cell-1\">\n              <div class=\"u-container-layout u-container-layout-1\">\n                <div class=\"fr-view u-align-left u-clearfix u-rich-text u-text u-text-1\">\n                  <p style=\"text-align: left;\"><span style=\"font-weight: 700;\">Gru\u00dfwort<br id=\"isPasted\">\n                      <br>Herzlich willkommen bei finthen.de.<\/span>&nbsp;\n                  <\/p>\n                  <p style=\"text-align: left;\">Liebe Besucherinnen und Besucher der Finther Homepage,<br>als Ortsvorsteher von Mainz-Finthen hei\u00dfe ich Sie auf unserer Homepage recht herzlich willkommen.<br>Seit 1969 ist Finthen nicht mehr selbstst\u00e4ndig, sondern ein Stadtteil von Mainz.&nbsp;\n                  <\/p>\n                  <p style=\"text-align: left;\">\n                    <img decoding=\"async\" src=\"https:\/\/finthen.de\/wp-content\/uploads\/2023\/06\/Mahle_2023_rund.png\" width=\"396.5\" style=\"width: 264px;\" class=\"fr-dii fr-fic fr-fil\">\n                  <\/p>\n                  <p style=\"text-align: left;\">Dennoch hat Finthen sich seinen besonderen Charakter erhalten. Die Aktivit\u00e4ten in mehr als 40 Vereinen zeugen davon und bieten viele M\u00f6glichkeiten zur Teilnahme am Ortsgeschehen. In Finthen f\u00fchlt man sich wohl und das soll auch so bleiben.<br>Inmitten von Feldern und Obstwiesen gelegen, bietet Finthen viele M\u00f6glichkeiten zur Ruhe und Entspannung. Eine sehr gute Infrastruktur im \u00d6ffentlichen Nahverkehr und in der Nahversorgung hat mit dazu beigetragen, dass Finthen ein Wohnort zum Wohlf\u00fchlen ist. Unsere Spitzengastronomie ist weit \u00fcber die Stadtgrenzen hinaus bekannt.<br>Vielleicht kann unsere Homepage Ihr Interesse an unserem reizvollen Stadtteil wecken und Ihnen einiges Wissenswerte vermitteln.<br>Ich freue\nmich sehr, wenn die Informationen auf unserer Homepage Sie zu einem Besuch in\nFinthen anregen.&nbsp;In Finthen gibt es zu jeder Jahreszeit etwas zu entdecken, und\ndas lohnt sich immer.<br>&nbsp;<br>Ihr<br>Manfred Mahle<br>Ortsvorsteher\n                  <\/p>\n                <\/div>\n              <\/div>\n            <\/div>\n            <div class=\"u-align-center u-container-align-center u-container-style u-layout-cell u-size-20 u-layout-cell-2\" title=\"Veranstaltungen\">\n              <div class=\"u-container-layout u-container-layout-2\">\n                <h4 class=\"u-text u-text-default u-text-2\">Aktuelle Meldungen<\/h4>\n                <div class=\"u-blog u-container-style u-layout-grid u-blog-1 u-hidden-visibility\"  data-site-sorting-prop=\"created\" data-site-sorting-order=\"desc\">\n                  <div class=\"u-list-control\"><\/div>\n                  <div class=\"u-repeater u-repeater-1\">\n                    <div class=\"u-blog-post u-border-2 u-border-black u-border-no-bottom u-border-no-top u-container-style u-repeater-item\">\n                      <div class=\"u-container-layout u-similar-container u-container-layout-3\">\n                        <h5 class=\"u-blog-control u-text u-text-3\">\n                          <a class=\"u-post-header-link\" href=\"https:\/\/finthen.de\/index.php\/2026\/03\/14\/hello-world\/\">Was ist los in Finthen?<\/a>\n                        <\/h5>\n                        <div class=\"u-blog-control u-post-content u-text u-text-4\">HIER...  geht zum Veranstaltungskalender f\u00fcr Finthen.\n                        <\/div>\n                      <\/div>\n                    <\/div>\n                    <div class=\"u-blog-post u-border-2 u-border-black u-border-no-bottom u-border-no-top u-container-style u-repeater-item\">\n                      <div class=\"u-container-layout u-similar-container u-container-layout-3\">\n                        <h5 class=\"u-blog-control u-text u-text-3\">\n                          <a class=\"u-post-header-link\" href=\"https:\/\/finthen.de\/index.php\/2026\/04\/07\/diverse-arbeiten-und-sperrungen\/\">Diverse Arbeiten und Sperrungen<\/a>\n                        <\/h5>\n                        <div class=\"u-blog-control u-post-content u-text u-text-4\"><p>\nWegen \u00a0dringender Arbeiten an den Versorgungsleitungen ist die Finther Landstra\u00dfe ab\u00a0der Stra\u00dfenbahnhaltestelle \"Viermorgenweg\" f\u00fcr ca.\u00a070 Tage &hellip;<\/p>\n                        <\/div>\n                      <\/div>\n                    <\/div>\n                  <\/div>\n                  <div class=\"u-list-control\"><\/div>\n                <\/div>\n              <\/div>\n            <\/div>\n          <\/div>\n        <\/div>\n      <\/div>\n    <\/section>\n    \n    \n    \n  \n","protected":false},"excerpt":{"rendered":"<p>Gru\u00dfwort Herzlich willkommen bei finthen.de.&nbsp; Liebe Besucherinnen und Besucher der Finther Homepage,als Ortsvorsteher von Mainz-Finthen hei\u00dfe ich Sie auf unserer Homepage recht herzlich willkommen.Seit 1969 ist Finthen nicht mehr selbstst\u00e4ndig, sondern ein Stadtteil von Mainz.&nbsp; Dennoch hat Finthen sich seinen besonderen Charakter erhalten. Die Aktivit\u00e4ten in mehr als 40 Vereinen zeugen davon und bieten viele<\/p>\n","protected":false},"author":1,"featured_media":0,"parent":0,"menu_order":1,"comment_status":"closed","ping_status":"closed","template":"","meta":{"_rtcl_gb_attr":"","footnotes":""},"class_list":["post-19","page","type-page","status-publish","hentry"],"_links":{"self":[{"href":"https:\/\/finthen.de\/index.php\/wp-json\/wp\/v2\/pages\/19","targetHints":{"allow":["GET"]}}],"collection":[{"href":"https:\/\/finthen.de\/index.php\/wp-json\/wp\/v2\/pages"}],"about":[{"href":"https:\/\/finthen.de\/index.php\/wp-json\/wp\/v2\/types\/page"}],"author":[{"embeddable":true,"href":"https:\/\/finthen.de\/index.php\/wp-json\/wp\/v2\/users\/1"}],"replies":[{"embeddable":true,"href":"https:\/\/finthen.de\/index.php\/wp-json\/wp\/v2\/comments?post=19"}],"version-history":[{"count":81,"href":"https:\/\/finthen.de\/index.php\/wp-json\/wp\/v2\/pages\/19\/revisions"}],"predecessor-version":[{"id":879,"href":"https:\/\/finthen.de\/index.php\/wp-json\/wp\/v2\/pages\/19\/revisions\/879"}],"wp:attachment":[{"href":"https:\/\/finthen.de\/index.php\/wp-json\/wp\/v2\/media?parent=19"}],"curies":[{"name":"wp","href":"https:\/\/api.w.org\/{rel}","templated":true}]}}